{"id":2366,"date":"2019-04-01T10:22:17","date_gmt":"2019-04-01T10:22:17","guid":{"rendered":"http:\/\/avantage.bold-themes.com\/business\/?page_id=1613"},"modified":"2021-08-09T09:31:56","modified_gmt":"2021-08-09T09:31:56","slug":"superbonus-110","status":"publish","type":"page","link":"https:\/\/cocind.it\/?page_id=2366","title":{"rendered":"Superbonus 110%"},"content":{"rendered":"<section id=\"bt_bb_section69f9b8a155fd9\" class=\"bt_bb_section bt_bb_layout_boxed_1200 bt_bb_vertical_align_top bt_bb_top_spacing_large bt_bb_bottom_spacing_large\" style=\"background-position:right;background-size:auto;\" data-bt-override-class=\"null\"><div class=\"bt_bb_background_image_holder_wrapper\"><div class=\"bt_bb_background_image_holder btLazyLoadBackground\"  data-background_image_src=\"https:\/\/cocind.it\/wp-content\/uploads\/2019\/04\/bgn-experience.png\" data-parallax-zoom-start=\"1\" data-parallax-zoom-end=\"1\" data-parallax-blur-start=\"0\" data-parallax-blur-end=\"0\" data-parallax-opacity-start=\"1\" data-parallax-opacity-end=\"1\" style=\" background-image: url(&#039;https:\/\/cocind.it\/wp-content\/plugins\/bold-page-builder\/img\/blank.gif&#039;);\"><\/div><\/div><div class=\"bt_bb_port\"><div class=\"bt_bb_cell\"><div class=\"bt_bb_cell_inner\"><div class=\"bt_bb_row_wrapper\"><div  class=\"bt_bb_row\"  data-bt-override-class=\"{}\"><div  class=\"bt_bb_column col-xl-4 bt_bb_align_left bt_bb_vertical_align_top bt_bb_animation_fade_in move_up animate bt_bb_padding_normal bt_bb_animation_fade_in bt_bb_animation_move_up animate\"  data-width=\"4\" data-bt-override-class=\"{}\"><div class=\"bt_bb_column_content\"><header class=\"bt_bb_headline bt_bb_dash_top bt_bb_superheadline bt_bb_superheadline_outside bt_bb_size_large bt_bb_align_inherit\" data-bt-override-class=\"{&quot;bt_bb_size_&quot;:{&quot;current_class&quot;:&quot;bt_bb_size_large&quot;,&quot;xxl&quot;:&quot;large&quot;,&quot;xl&quot;:&quot;large&quot;},&quot;bt_bb_align_&quot;:{&quot;current_class&quot;:&quot;bt_bb_align_inherit&quot;,&quot;xxl&quot;:&quot;inherit&quot;,&quot;xl&quot;:&quot;inherit&quot;}}\"><div class=\"bt_bb_headline_superheadline_outside\"><span class=\"bt_bb_headline_superheadline\">COCIND<\/span><\/div><h2 class=\"bt_bb_headline_tag\"><span class=\"bt_bb_headline_content\"><span><u>Superbonus<\/u><br \/>\r\n<b>110%<\/b> <\/span><\/span><\/h2><\/header><div class=\"bt_bb_separator bt_bb_border_style_none bt_bb_bottom_spacing_normal\" data-bt-override-class=\"null\"><\/div><div class=\"bt_bb_image bt_bb_shape_square bt_bb_target_self bt_bb_align_inherit bt_bb_hover_style_simple bt_bb_content_display_always bt_bb_content_align_middle bt_bb_fill_background_color_full\" data-bt-override-class=\"{&quot;bt_bb_align_&quot;:{&quot;current_class&quot;:&quot;bt_bb_align_inherit&quot;,&quot;xxl&quot;:&quot;inherit&quot;,&quot;xl&quot;:&quot;inherit&quot;}}\"><span><img loading=\"lazy\" decoding=\"async\" width=\"560\" height=\"316\" src=\"https:\/\/cocind.it\/wp-content\/uploads\/2021\/06\/superbonus-110-cocind-e1627984446711.jpg\" class=\"attachment-large size-large\" alt=\"https:\/\/cocind.it\/wp-content\/uploads\/2021\/06\/superbonus-110-cocind-e1627984446711.jpg\" data-full_image_src=\"https:\/\/cocind.it\/wp-content\/uploads\/2021\/06\/superbonus-110-cocind-e1627984446711.jpg\" title=\"superbonus 110 cocind\" \/><\/span><\/div><div class=\"bt_bb_separator bt_bb_border_style_none bt_bb_bottom_spacing_normal bt_bb_hidden_md bt_bb_hidden_lg\" data-bt-override-class=\"null\"><\/div><\/div><\/div><div  class=\"bt_bb_column col-xl-4 bt_bb_align_left bt_bb_vertical_align_top bt_bb_animation_fade_in animate bt_bb_padding_normal bt_bb_animation_fade_in animate\"  data-width=\"4\" data-bt-override-class=\"{}\"><div class=\"bt_bb_column_content\"><div  class=\"bt_bb_text\" ><p class=\"titolo_approfondimento_int\">Il Decreto \u201cRilancio\u201d varato dal Governo punta alla ripresa economica italiana trainata dall\u2019edilizia sostenibile con un Super ecobonus del 110 percento destinato\u00a0<strong>all\u2019efficientamento<\/strong>\u00a0energetico degli edifici, cappotto termico, fotovoltaico, pompe di calore e messa in sicurezza sismica.<\/p>\n<p>Per rilanciare la\u00a0ripresa economica dell\u2019Italia, duramente colpita dalla\u00a0crisi pandemica, il\u00a0Governo\u00a0ha\u00a0puntato\u00a0sul\u00a0settore delle costruzioni, orientando le sue politiche verso la strategia della sostenibilit\u00e0.<\/p>\n<p>Alcune misure come\u00a0incentivi e detrazioni fiscali, gi\u00e0 previsti per il 2020 in un range dal 50 all\u201985%, vengono ulteriormente\u00a0ampliate al 110% fino alla fine dell\u2019anno.<\/p>\n<p>Questo vale per le spese sostenute tra il 1\u00b0 luglio 2020 e il 31 dicembre 2021. Il\u00a0Decreto\u00a0denominato appunto \u201cRilancio\u201d (legge 19 maggio 2020, n. 34) approvato dal Consiglio dei ministri e pubblicato nella Gazzetta Ufficiale, prevede una serie di\u00a0misure fiscali\u00a0volte favorire e incentivare la ripresa economica del settore produttivo italiano, fortemente colpita dalla crisi pandemica.<\/p>\n<p>Abbiamo gi\u00e0 trattato in maniera esauriente, in un\u00a0<a href=\"https:\/\/www.infobuildenergia.it\/approfondimenti\/ecobonus-sismabonus-bonus-casa-2020-guida-incentivi-green-531.html\" target=\"_top\" rel=\"noopener\">articolo ad hoc<\/a>, tutte le agevolazioni fiscali destinate agli interventi di efficientamento e riqualificazione energetica: ecobonus, sismabonus, bonus mobili, bonus verde, bonus facciate e\u00a0bonus\u00a0casa previsti per l\u2019anno 2020.<\/p>\n<p>In attesa che il decreto sia convertito in legge, vediamo quali interventi specifici possono beneficiare di un ulteriore sconto in fattura, arrivando a totalizzare il 110 % di detrazioni.<\/p>\n<\/div><div class=\"bt_bb_separator bt_bb_border_style_none bt_bb_bottom_spacing_small bt_bb_hidden_md bt_bb_hidden_lg\" data-bt-override-class=\"null\"><\/div><\/div><\/div><div  class=\"bt_bb_column col-xl-4 bt_bb_align_left bt_bb_vertical_align_top bt_bb_animation_fade_in animate bt_bb_padding_normal bt_bb_animation_fade_in animate\"  data-width=\"4\" data-bt-override-class=\"{}\"><div class=\"bt_bb_column_content\"><div  class=\"bt_bb_text\" ><p><b>Edilizia, il volano dell\u2019economia<\/b><\/p>\n<p>Il Super ecosismabonus sar\u00e0 il volano dell\u2019economia a partire dal\u00a0<b>settore edilizio<\/b>\u00a0in un\u2019<b>ottica sostenibile<\/b>:\u00a0<em>\u201cL\u2019edilizia \u00e8 da sempre un volano per la crescita economica. Ma ora quel settore va indirizzato alla sostenibilit\u00e0: quindi ho lavorato a un superbonus che mettesse insieme due strumenti gi\u00e0 funzionanti, ecobonus e sismabonus, e li portasse all\u2019estremo con uno sconto del 110%<\/em>\u201d, afferma con convinzione\u00a0<b>Riccardo Fraccaro, sottosegretario di Stato alla Presidenza del Consiglio dei ministri<\/b>.<\/p>\n<p>L\u2019aliquota di\u00a0<b>detrazione\u00a0<\/b>viene maggiorata nella\u00a0<b>misura del 110 per cento<\/b>\u00a0delle spese sostenute tra il\u00a0<b>1\u00b0 luglio 2020 e il 31 dicembre 2021<\/b>\u00a0per specifici interventi, volti a:<\/p>\n<ul>\n<li>incrementare l\u2019efficienza energetica degli edifici (<b>ecobonus<\/b>),<\/li>\n<li>la riduzione del rischio sismico (<b>sismabonus<\/b>)<\/li>\n<li>per interventi ad essi connessi relativi all\u2019installazione di\u00a0<b>impianti fotovoltaici<\/b><\/li>\n<li>colonnine per la\u00a0<b>ricarica di veicoli elettrici<\/b>.<\/li>\n<\/ul>\n<p>Per tali interventi \u2013 come per altre detrazioni in materia edilizia \u2013 in luogo della detrazione, il contribuente potr\u00e0 optare per un contributo sotto forma di\u00a0<b>sconto in fattura<\/b>\u00a0da parte del fornitore, che potr\u00e0 recuperarlo sotto forma di credito di imposta cedibile ad altri soggetti, comprese banche e intermediari finanziari, ovvero per la trasformazione in un credito di imposta.<\/p>\n<\/div><\/div><\/div><\/div><\/div><\/div><!-- cell_inner --><\/div><!-- cell --><\/div><!-- port --><\/section><section id=\"bt_bb_section69f9b8a1570ec\" class=\"bt_bb_section bt_bb_layout_boxed_1200 bt_bb_vertical_align_top bt_bb_bottom_spacing_normal bt_bb_section_show_right_boxed_content\" style=\"background-position:right 85%;background-size:auto;\" data-bt-override-class=\"null\"><div class=\"bt_bb_background_image_holder_wrapper\"><div class=\"bt_bb_background_image_holder btLazyLoadBackground\"  data-background_image_src=\"https:\/\/cocind.it\/wp-content\/uploads\/2019\/04\/bgn-experience.png\" data-parallax-zoom-start=\"1\" data-parallax-zoom-end=\"1\" data-parallax-blur-start=\"0\" data-parallax-blur-end=\"0\" data-parallax-opacity-start=\"1\" data-parallax-opacity-end=\"1\" style=\" background-image: url(&#039;https:\/\/cocind.it\/wp-content\/plugins\/bold-page-builder\/img\/blank.gif&#039;);\"><\/div><\/div><div class=\"bt_bb_port\"><div class=\"bt_bb_cell\"><div class=\"bt_bb_cell_inner\"><\/div><!-- cell_inner --><\/div><!-- cell --><\/div><!-- port --><\/section><section id=\"bt_bb_section69f9b8a1576ef\" class=\"bt_bb_section bt_bb_color_scheme_1 bt_bb_layout_boxed_1200 bt_bb_vertical_align_top bt_bb_top_section_coverage_image bt_bb_section_with_top_coverage_image bt_bb_top_spacing_medium bt_bb_bottom_spacing_large\" style=\"; --section-primary-color:#ffffff; --section-secondary-color:#191919;;background-color:#1b4962;\" data-bt-override-class=\"null\"><div class=\"bt_bb_background_image_holder_wrapper\"><div class=\"bt_bb_background_image_holder btLazyLoadBackground\"  data-background_image_src=\"https:\/\/cocind.it\/wp-content\/uploads\/2019\/04\/bgn-quotes.jpg\" data-parallax-zoom-start=\"1\" data-parallax-zoom-end=\"1\" data-parallax-blur-start=\"0\" data-parallax-blur-end=\"0\" data-parallax-opacity-start=\"1\" data-parallax-opacity-end=\"1\" style=\" background-image: url(&#039;https:\/\/cocind.it\/wp-content\/plugins\/bold-page-builder\/img\/blank.gif&#039;);\"><\/div><\/div><div class=\"bt_bb_port\"><div class=\"bt_bb_cell\"><div class=\"bt_bb_cell_inner\"><div class=\"bt_bb_row_wrapper\"><div  class=\"bt_bb_row\"  data-bt-override-class=\"{}\"><div  class=\"bt_bb_column col-xl-12 bt_bb_align_left bt_bb_vertical_align_top bt_bb_padding_normal\"  data-width=\"12\" data-bt-override-class=\"{}\"><div class=\"bt_bb_column_content\"><div class=\"bt_bb_separator bt_bb_border_style_none bt_bb_bottom_spacing_medium\" data-bt-override-class=\"null\"><\/div><header class=\"bt_bb_headline bt_bb_dash_top bt_bb_superheadline bt_bb_superheadline_outside bt_bb_subheadline bt_bb_size_large bt_bb_align_inherit\" data-bt-override-class=\"{&quot;bt_bb_size_&quot;:{&quot;current_class&quot;:&quot;bt_bb_size_large&quot;,&quot;xxl&quot;:&quot;large&quot;,&quot;xl&quot;:&quot;large&quot;},&quot;bt_bb_align_&quot;:{&quot;current_class&quot;:&quot;bt_bb_align_inherit&quot;,&quot;xxl&quot;:&quot;inherit&quot;,&quot;xl&quot;:&quot;inherit&quot;}}\"><div class=\"bt_bb_headline_superheadline_outside\"><span class=\"bt_bb_headline_superheadline\">PREVENTIVO<\/span><\/div><h2 class=\"bt_bb_headline_tag\"><span class=\"bt_bb_headline_content\"><span>Richiedi una<br \/>\r\n<b>Consulenza ora<\/b> <\/span><\/span><\/h2><div class=\"bt_bb_headline_subheadline\">Faremo il possibile per risponderti il prima possibile<\/div><\/header><div class=\"bt_bb_separator bt_bb_border_style_none bt_bb_bottom_spacing_medium\" data-bt-override-class=\"null\"><\/div><div class=\"bt_bb_contact_form_7\">\n<div class=\"wpcf7 no-js\" id=\"wpcf7-f2111-o1\" lang=\"en-US\" dir=\"ltr\">\n<div class=\"screen-reader-response\"><p role=\"status\" aria-live=\"polite\" aria-atomic=\"true\"><\/p> <ul><\/ul><\/div>\n<form action=\"\/index.php?rest_route=%2Fwp%2Fv2%2Fpages%2F2366#wpcf7-f2111-o1\" method=\"post\" class=\"wpcf7-form init\" aria-label=\"Contact form\" enctype=\"multipart\/form-data\" novalidate=\"novalidate\" data-status=\"init\">\n<div style=\"display: none;\">\n<input type=\"hidden\" name=\"_wpcf7\" value=\"2111\" \/>\n<input type=\"hidden\" name=\"_wpcf7_version\" value=\"5.8.7\" \/>\n<input type=\"hidden\" name=\"_wpcf7_locale\" value=\"en_US\" \/>\n<input type=\"hidden\" name=\"_wpcf7_unit_tag\" value=\"wpcf7-f2111-o1\" \/>\n<input type=\"hidden\" name=\"_wpcf7_container_post\" value=\"0\" \/>\n<input type=\"hidden\" name=\"_wpcf7_posted_data_hash\" value=\"\" \/>\n<\/div>\n<div class=\"bt_bb_cf7_form\">\n\t<div class=\"bt_bb_cf7_row\">\n\t\t<div class=\"bt_bb_cf7_element\">\n\t\t\t<p><label><span class=\"bt_bb_required\">Nome e Cognome<\/span><br \/>\n<span class=\"wpcf7-form-control-wrap\" data-name=\"your-name\"><input size=\"40\" class=\"wpcf7-form-control wpcf7-text wpcf7-validates-as-required\" aria-required=\"true\" aria-invalid=\"false\" value=\"\" type=\"text\" name=\"your-name\" \/><\/span><\/label>\n\t\t\t<\/p>\n\t\t<\/div>\n\t<\/div>\n\t<div class=\"bt_bb_cf7_row\">\n\t\t<div class=\"bt_bb_cf7_element\">\n\t\t\t<p><label><span class=\"bt_bb_required\">Indirizzo<\/span><br \/>\n<span class=\"wpcf7-form-control-wrap\" data-name=\"your-address\"><input size=\"40\" class=\"wpcf7-form-control wpcf7-text wpcf7-validates-as-required\" aria-required=\"true\" aria-invalid=\"false\" value=\"\" type=\"text\" name=\"your-address\" \/><\/span><\/label>\n\t\t\t<\/p>\n\t\t<\/div>\n\t<\/div>\n\t<div class=\"bt_bb_cf7_row\">\n\t\t<div class=\"bt_bb_cf7_element\">\n\t\t\t<p><label><span class=\"bt_bb_required\">Citt\u00e0<\/span><br \/>\n<span class=\"wpcf7-form-control-wrap\" data-name=\"city\"><input size=\"40\" class=\"wpcf7-form-control wpcf7-text wpcf7-validates-as-required\" aria-required=\"true\" aria-invalid=\"false\" value=\"\" type=\"text\" name=\"city\" \/><\/span> <\/label>\n\t\t\t<\/p>\n\t\t<\/div>\n\t<\/div>\n\t<div class=\"bt_bb_cf7_row\">\n\t\t<div class=\"bt_bb_cf7_element\">\n\t\t\t<p><label><span class=\"bt_bb_required\">Cap<\/span><br \/>\n<span class=\"wpcf7-form-control-wrap\" data-name=\"postcode\"><input size=\"40\" class=\"wpcf7-form-control wpcf7-text wpcf7-validates-as-required\" aria-required=\"true\" aria-invalid=\"false\" value=\"\" type=\"text\" name=\"postcode\" \/><\/span><\/label>\n\t\t\t<\/p>\n\t\t<\/div>\n\t<\/div>\n\t<div class=\"bt_bb_cf7_row\">\n\t\t<div class=\"bt_bb_cf7_element\">\n\t\t\t<p><label><span class=\"bt_bb_required\">Telefono<\/span><br \/>\n<span class=\"wpcf7-form-control-wrap\" data-name=\"phone-number\"><input size=\"40\" class=\"wpcf7-form-control wpcf7-text wpcf7-validates-as-required\" aria-required=\"true\" aria-invalid=\"false\" value=\"\" type=\"text\" name=\"phone-number\" \/><\/span><\/label>\n\t\t\t<\/p>\n\t\t<\/div>\n\t<\/div>\n\t<div class=\"bt_bb_cf7_row\">\n\t\t<div class=\"bt_bb_cf7_element\">\n\t\t\t<p><label><span class=\"bt_bb_required\">Email<\/span><br \/>\n<span class=\"wpcf7-form-control-wrap\" data-name=\"your-email\"><input size=\"40\" class=\"wpcf7-form-control wpcf7-email wpcf7-validates-as-required wpcf7-text wpcf7-validates-as-email\" aria-required=\"true\" aria-invalid=\"false\" value=\"\" type=\"email\" name=\"your-email\" \/><\/span><\/label>\n\t\t\t<\/p>\n\t\t<\/div>\n\t<\/div>\n\t<div class=\"bt_bb_cf7_row\">\n\t\t<div class=\"bt_bb_cf7_element\">\n\t\t\t<p><label><span class=\"bt_bb_required\">Allegato<\/span><br \/>\n<span class=\"wpcf7-form-control-wrap\" data-name=\"file-cv\"><input size=\"40\" class=\"wpcf7-form-control wpcf7-file wpcf7-validates-as-required\" accept=\".pdf,.doc,.docx\" aria-required=\"true\" aria-invalid=\"false\" type=\"file\" name=\"file-cv\" \/><\/span><\/label>\n\t\t\t<\/p>\n\t\t<\/div>\n\t<\/div>\n\t<div class=\"bt_bb_cf7_row\">\n\t\t<div class=\"bt_bb_cf7_element\">\n\t\t\t<p><label>Messaggio<br \/>\n<span class=\"wpcf7-form-control-wrap\" data-name=\"your-message\"><textarea cols=\"40\" rows=\"4\" class=\"wpcf7-form-control wpcf7-textarea\" aria-invalid=\"false\" name=\"your-message\"><\/textarea><\/span><\/label>\n\t\t\t<\/p>\n\t\t<\/div>\n\t<\/div>\n\t<div class=\"bt_bb_cf7_row\">\n\t\t<div class=\"bt_bb_cf7_button bt_bb_cf7_element\">\n\t\t\t<p><input class=\"wpcf7-form-control wpcf7-submit has-spinner\" type=\"submit\" value=\"Invia Rischiesta di Consulenza\" \/>\n\t\t\t<\/p>\n\t\t<\/div>\n\t<\/div>\n<\/div><div class=\"wpcf7-response-output\" aria-hidden=\"true\"><\/div>\n<\/form>\n<\/div>\n<\/div><\/div><\/div><\/div><\/div><\/div><!-- cell_inner --><\/div><!-- cell --><\/div><!-- port --><div class=\"bt_bb_section_top_section_coverage_image\"><img decoding=\"async\" src=\"https:\/\/cocind.it\/wp-content\/uploads\/2019\/04\/bgn-triangle-top.png\" alt=\"bt_bb_section_top_section_coverage_image\" \/><\/div><\/section>","protected":false},"excerpt":{"rendered":"<p>Proactively envisioned multimedia based expertise and cross-media growth strategies. Seamlessly visualize quality intellectual capital without superior collaboration and idea-sharing. Holistically pontificate installed base portals after maintainable products.<\/p>\n","protected":false},"author":2,"featured_media":1826,"parent":0,"menu_order":0,"comment_status":"closed","ping_status":"closed","template":"","meta":{"_seopress_robots_primary_cat":"","_seopress_titles_title":"","_seopress_titles_desc":"","_seopress_robots_index":"","footnotes":""},"_links":{"self":[{"href":"https:\/\/cocind.it\/index.php?rest_route=\/wp\/v2\/pages\/2366"}],"collection":[{"href":"https:\/\/cocind.it\/index.php?rest_route=\/wp\/v2\/pages"}],"about":[{"href":"https:\/\/cocind.it\/index.php?rest_route=\/wp\/v2\/types\/page"}],"author":[{"embeddable":true,"href":"https:\/\/cocind.it\/index.php?rest_route=\/wp\/v2\/users\/2"}],"replies":[{"embeddable":true,"href":"https:\/\/cocind.it\/index.php?rest_route=%2Fwp%2Fv2%2Fcomments&post=2366"}],"version-history":[{"count":5,"href":"https:\/\/cocind.it\/index.php?rest_route=\/wp\/v2\/pages\/2366\/revisions"}],"predecessor-version":[{"id":2718,"href":"https:\/\/cocind.it\/index.php?rest_route=\/wp\/v2\/pages\/2366\/revisions\/2718"}],"wp:featuredmedia":[{"embeddable":true,"href":"https:\/\/cocind.it\/index.php?rest_route=\/wp\/v2\/media\/1826"}],"wp:attachment":[{"href":"https:\/\/cocind.it\/index.php?rest_route=%2Fwp%2Fv2%2Fmedia&parent=2366"}],"curies":[{"name":"wp","href":"https:\/\/api.w.org\/{rel}","templated":true}]}}